{"id":189,"date":"2018-04-10T15:16:34","date_gmt":"2018-04-10T15:16:34","guid":{"rendered":"https:\/\/eylulgrafik.com\/?page_id=189"},"modified":"2026-01-15T22:44:00","modified_gmt":"2026-01-15T19:44:00","slug":"iletisim","status":"publish","type":"page","link":"https:\/\/eylulgrafik.com\/index.php\/iletisim\/","title":{"rendered":"\u0130leti\u015fim"},"content":{"rendered":"\t\t<div data-elementor-type=\"wp-post\" data-elementor-id=\"189\" class=\"elementor elementor-189\" data-elementor-post-type=\"page\">\n\t\t\t\t\t\t<section class=\"elementor-section elementor-top-section elementor-element elementor-element-642c887 elementor-section-boxed elementor-section-height-default elementor-section-height-default\" data-id=\"642c887\" data-element_type=\"section\">\n\t\t\t\t\t\t<div class=\"elementor-container elementor-column-gap-extended\">\n\t\t\t\t\t<div class=\"elementor-column elementor-col-100 elementor-top-column elementor-element elementor-element-21cd471 sc_layouts_column_icons_position_left\" data-id=\"21cd471\" data-element_type=\"column\">\n\t\t\t<div class=\"elementor-widget-wrap elementor-element-populated\">\n\t\t\t\t\t\t<div class=\"elementor-element elementor-element-822c6b2 elementor-widget elementor-widget-trx_sc_icons\" data-id=\"822c6b2\" data-element_type=\"widget\" data-widget_type=\"trx_sc_icons.default\">\n\t\t\t\t<div class=\"elementor-widget-container\">\n\t\t\t\t\t<div id=\"trx_sc_icons_406423900\" \r\n\tclass=\"sc_icons sc_icons_modern sc_icons_size_small sc_align_left\"><div class=\"sc_icons_columns_wrap sc_item_columns trx_addons_columns_wrap columns_padding_bottom\"><div class=\"trx_addons_column-1_3\"><div class=\"sc_icons_item\"><div id=\"trx_sc_icons_406423900_icon-placeholder\" class=\"sc_icons_icon sc_icon_type_ icon-placeholder\"><span class=\"sc_icon_type_ icon-placeholder\"><\/span><\/div><h4 class=\"sc_icons_item_title\"><span>Adres<\/span><\/h4><div class=\"sc_icons_item_description\"><span>82 12th Street, Office 14, LA<\/span><\/div><\/div><\/div><div class=\"trx_addons_column-1_3\"><div class=\"sc_icons_item sc_icons_item_linked\"><div id=\"trx_sc_icons_406423900_icon-envelope\" class=\"sc_icons_icon sc_icon_type_ icon-envelope\"><span class=\"sc_icon_type_ icon-envelope\"><\/span><\/div><h4 class=\"sc_icons_item_title\"><span>Email<\/span><\/h4><div class=\"sc_icons_item_description\"><span>info@eylulgrafik.com<\/span><\/div><a href=\"mailto:info@eylulgrafik.com\"\r\n\t\t\t\t\tclass=\"sc_icons_item_link\"><\/a><\/div><\/div><div class=\"trx_addons_column-1_3\"><div class=\"sc_icons_item sc_icons_item_linked\"><div id=\"trx_sc_icons_406423900_icon-phone-call\" class=\"sc_icons_icon sc_icon_type_ icon-phone-call\"><span class=\"sc_icon_type_ icon-phone-call\"><\/span><\/div><h4 class=\"sc_icons_item_title\"><span>Telefon<\/span><\/h4><div class=\"sc_icons_item_description\"><span>0507 956 74 99<\/span><\/div><a href=\"tel:905079567499\"\r\n\t\t\t\t\tclass=\"sc_icons_item_link\"><\/a><\/div><\/div><\/div><\/div><!-- \/.sc_icons -->\t\t\t\t<\/div>\n\t\t\t\t<\/div>\n\t\t\t\t\t<\/div>\n\t\t<\/div>\n\t\t\t\t\t<\/div>\n\t\t<\/section>\n\t\t\t\t<section class=\"elementor-section elementor-top-section elementor-element elementor-element-37214a2 elementor-section-boxed elementor-section-height-default elementor-section-height-default\" data-id=\"37214a2\" data-element_type=\"section\">\n\t\t\t\t\t\t<div class=\"elementor-container elementor-column-gap-extended\">\n\t\t\t\t\t<div class=\"elementor-column elementor-col-100 elementor-top-column elementor-element elementor-element-61b4edd sc_layouts_column_icons_position_left\" data-id=\"61b4edd\" data-element_type=\"column\">\n\t\t\t<div class=\"elementor-widget-wrap elementor-element-populated\">\n\t\t\t\t\t\t<div class=\"elementor-element elementor-element-8f5a2eb elementor-widget elementor-widget-spacer\" data-id=\"8f5a2eb\" data-element_type=\"widget\" data-widget_type=\"spacer.default\">\n\t\t\t\t<div class=\"elementor-widget-container\">\n\t\t\t\t\t\t\t<div class=\"elementor-spacer\">\n\t\t\t<div class=\"elementor-spacer-inner\"><\/div>\n\t\t<\/div>\n\t\t\t\t\t\t<\/div>\n\t\t\t\t<\/div>\n\t\t\t\t\t<\/div>\n\t\t<\/div>\n\t\t\t\t\t<\/div>\n\t\t<\/section>\n\t\t\t\t<section class=\"elementor-section elementor-top-section elementor-element elementor-element-f05b956 elementor-section-boxed elementor-section-height-default elementor-section-height-default\" data-id=\"f05b956\" data-element_type=\"section\">\n\t\t\t\t\t\t<div class=\"elementor-container elementor-column-gap-extended\">\n\t\t\t\t\t<div class=\"elementor-column elementor-col-16 elementor-top-column elementor-element elementor-element-6c7a24c sc_layouts_column_icons_position_left\" data-id=\"6c7a24c\" data-element_type=\"column\">\n\t\t\t<div class=\"elementor-widget-wrap\">\n\t\t\t\t\t\t\t<\/div>\n\t\t<\/div>\n\t\t\t\t<div class=\"elementor-column elementor-col-66 elementor-top-column elementor-element elementor-element-7061d43 sc_layouts_column_icons_position_left\" data-id=\"7061d43\" data-element_type=\"column\">\n\t\t\t<div class=\"elementor-widget-wrap elementor-element-populated\">\n\t\t\t\t\t\t<div class=\"elementor-element elementor-element-0bf31f9 elementor-widget elementor-widget-trx_sc_title\" data-id=\"0bf31f9\" data-element_type=\"widget\" data-widget_type=\"trx_sc_title.default\">\n\t\t\t\t<div class=\"elementor-widget-container\">\n\t\t\t\t\t<div id=\"trx_sc_title_861131212\"\r\n\t\tclass=\"sc_title sc_title_accent\"><h6 class=\"sc_item_subtitle sc_title_subtitle sc_align_center sc_item_title_style_accent\">Bilgi almak ve size her konuda yard\u0131mc\u0131 olmal i\u00e7in<\/h6><h2 class=\"sc_item_title sc_title_title sc_align_center sc_item_title_style_accent\">Bizimle ileti\u015fime ge\u00e7in<\/h2><\/div><!-- \/.sc_title -->\t\t\t\t<\/div>\n\t\t\t\t<\/div>\n\t\t\t\t<div class=\"elementor-element elementor-element-2f9dc70 elementor-widget elementor-widget-spacer\" data-id=\"2f9dc70\" data-element_type=\"widget\" data-widget_type=\"spacer.default\">\n\t\t\t\t<div class=\"elementor-widget-container\">\n\t\t\t\t\t\t\t<div class=\"elementor-spacer\">\n\t\t\t<div class=\"elementor-spacer-inner\"><\/div>\n\t\t<\/div>\n\t\t\t\t\t\t<\/div>\n\t\t\t\t<\/div>\n\t\t\t\t<div class=\"elementor-element elementor-element-037033c elementor-widget elementor-widget-text-editor\" data-id=\"037033c\" data-element_type=\"widget\" data-widget_type=\"text-editor.default\">\n\t\t\t\t<div class=\"elementor-widget-container\">\n\t\t\t\t\t\t\t\t\t<p>\n<div class=\"wpcf7 no-js\" id=\"wpcf7-f373-o1\" lang=\"en-US\" dir=\"ltr\" data-wpcf7-id=\"373\">\n<div class=\"screen-reader-response\"><p role=\"status\" aria-live=\"polite\" aria-atomic=\"true\"><\/p> <ul><\/ul><\/div>\n<form action=\"\/index.php\/wp-json\/wp\/v2\/pages\/189#wpcf7-f373-o1\" method=\"post\" class=\"wpcf7-form init\" aria-label=\"Contact form\" novalidate=\"novalidate\" data-status=\"init\">\n<fieldset class=\"hidden-fields-container\"><input type=\"hidden\" name=\"_wpcf7\" value=\"373\" \/><input type=\"hidden\" name=\"_wpcf7_version\" value=\"6.1.4\" \/><input type=\"hidden\" name=\"_wpcf7_locale\" value=\"en_US\" \/><input type=\"hidden\" name=\"_wpcf7_unit_tag\" value=\"wpcf7-f373-o1\" \/><input type=\"hidden\" name=\"_wpcf7_container_post\" value=\"0\" \/><input type=\"hidden\" name=\"_wpcf7_posted_data_hash\" value=\"\" \/>\n<\/fieldset>\n<div class=\"columns_wrap\">\n\t<div class=\"column-1_2\">\n\t\t<p><span class=\"wpcf7-form-control-wrap\" data-name=\"your-name\"><input size=\"40\" maxlength=\"400\" class=\"wpcf7-form-control wpcf7-text wpcf7-validates-as-required\" aria-required=\"true\" aria-invalid=\"false\" placeholder=\"\u0130sim \/ Soyisim\" value=\"\" type=\"text\" name=\"your-name\" \/><\/span>\n\t\t<\/p>\n\t<\/div>\n\t<div class=\"column-1_2\">\n\t\t<p><span class=\"wpcf7-form-control-wrap\" data-name=\"your-email\"><input size=\"40\" maxlength=\"400\" class=\"wpcf7-form-control wpcf7-email wpcf7-validates-as-required wpcf7-text wpcf7-validates-as-email\" aria-required=\"true\" aria-invalid=\"false\" placeholder=\"E-Mail\" value=\"\" type=\"email\" name=\"your-email\" \/><\/span>\n\t\t<\/p>\n\t<\/div>\n\t<div class=\"column-1_1\">\n\t\t<p><span class=\"wpcf7-form-control-wrap\" data-name=\"your-message\"><textarea cols=\"40\" rows=\"10\" maxlength=\"2000\" class=\"wpcf7-form-control wpcf7-textarea\" aria-invalid=\"false\" placeholder=\"Mesaj\u0131n\u0131z\" name=\"your-message\"><\/textarea><\/span>\n\t\t<\/p>\n\t<\/div>\n\t<div class=\"column-1_1\">\n\t\t<p><span class=\"wpcf7-form-control-wrap\" data-name=\"acceptance-636\"><span class=\"wpcf7-form-control wpcf7-acceptance\"><span class=\"wpcf7-list-item\"><label><input type=\"checkbox\" name=\"acceptance-636\" value=\"1\" aria-invalid=\"false\" \/><span class=\"wpcf7-list-item-label\">G\u00f6nderdi\u011fim verilerimin toplan\u0131p sakland\u0131\u011f\u0131n\u0131 kabul ediyorum.<\/span><\/label><\/span><\/span><\/span>\n\t\t<\/p>\n\t<\/div>\n\t<div class=\"column-1_1 align-center\">\n\t\t<p><input class=\"wpcf7-form-control wpcf7-submit has-spinner\" type=\"submit\" value=\"G\u00f6nder\" \/>\n\t\t<\/p>\n\t<\/div>\n<\/div><div class=\"wpcf7-response-output\" aria-hidden=\"true\"><\/div>\n<\/form>\n<\/div>\n<\/p>\t\t\t\t\t\t\t\t<\/div>\n\t\t\t\t<\/div>\n\t\t\t\t\t<\/div>\n\t\t<\/div>\n\t\t\t\t<div class=\"elementor-column elementor-col-16 elementor-top-column elementor-element elementor-element-291a343 sc_layouts_column_icons_position_left\" data-id=\"291a343\" data-element_type=\"column\">\n\t\t\t<div class=\"elementor-widget-wrap\">\n\t\t\t\t\t\t\t<\/div>\n\t\t<\/div>\n\t\t\t\t\t<\/div>\n\t\t<\/section>\n\t\t\t\t<section class=\"elementor-section elementor-top-section elementor-element elementor-element-ef53890 elementor-section-boxed elementor-section-height-default elementor-section-height-default\" data-id=\"ef53890\" data-element_type=\"section\">\n\t\t\t\t\t\t<div class=\"elementor-container elementor-column-gap-extended\">\n\t\t\t\t\t<div class=\"elementor-column elementor-col-100 elementor-top-column elementor-element elementor-element-ca8f998 sc_layouts_column_icons_position_left\" data-id=\"ca8f998\" data-element_type=\"column\">\n\t\t\t<div class=\"elementor-widget-wrap elementor-element-populated\">\n\t\t\t\t\t\t<div class=\"elementor-element elementor-element-7cadf3b elementor-widget elementor-widget-spacer\" data-id=\"7cadf3b\" data-element_type=\"widget\" data-widget_type=\"spacer.default\">\n\t\t\t\t<div class=\"elementor-widget-container\">\n\t\t\t\t\t\t\t<div class=\"elementor-spacer\">\n\t\t\t<div class=\"elementor-spacer-inner\"><\/div>\n\t\t<\/div>\n\t\t\t\t\t\t<\/div>\n\t\t\t\t<\/div>\n\t\t\t\t\t<\/div>\n\t\t<\/div>\n\t\t\t\t\t<\/div>\n\t\t<\/section>\n\t\t\t\t<section class=\"elementor-section elementor-top-section elementor-element elementor-element-82756c7 elementor-section-boxed elementor-section-height-default elementor-section-height-default\" data-id=\"82756c7\" data-element_type=\"section\">\n\t\t\t\t\t\t<div class=\"elementor-container elementor-column-gap-extended\">\n\t\t\t\t\t<div class=\"elementor-column elementor-col-100 elementor-top-column elementor-element elementor-element-c38638d sc_layouts_column_icons_position_left\" data-id=\"c38638d\" data-element_type=\"column\">\n\t\t\t<div class=\"elementor-widget-wrap elementor-element-populated\">\n\t\t\t\t\t\t<div class=\"elementor-element elementor-element-3617a40 elementor-widget elementor-widget-trx_sc_googlemap\" data-id=\"3617a40\" data-element_type=\"widget\" data-widget_type=\"trx_sc_googlemap.default\">\n\t\t\t\t<div class=\"elementor-widget-container\">\n\t\t\t\t\t<div id=\"trx_sc_googlemap_455547351_wrap\" class=\"sc_googlemap_wrap\"><div id=\"trx_sc_googlemap_455547351\"\r\n\t\t\tclass=\"sc_googlemap sc_googlemap_default trx_addons_inline_122286239\"\r\n\t\t\t\t\t\tdata-zoom=\"19\"\r\n\t\t\tdata-center=\"\"\r\n\t\t\tdata-style=\"default\"\r\n\t\t\tdata-cluster-icon=\"\"\r\n\t\t\t><iframe\r\n                        src=\"https:\/\/maps.google.com\/maps?t=m&output=embed&iwloc=near&z=19&q=g%C3%BCven+mahallesi+buca%2Fizmir\"\r\n                        scrolling=\"no\"\r\n                        marginheight=\"0\"\r\n                        marginwidth=\"0\"\r\n                        frameborder=\"0\"\r\n                        aria-label=\"\"><\/iframe><\/div><\/div><!-- \/.sc_googlemap_wrap -->\t\t\t\t<\/div>\n\t\t\t\t<\/div>\n\t\t\t\t\t<\/div>\n\t\t<\/div>\n\t\t\t\t\t<\/div>\n\t\t<\/section>\n\t\t\t\t<\/div>\n\t\t","protected":false},"excerpt":{"rendered":"<p>Adres 82 12th Street, Office 14, LA Email info@eylulgrafik.com Telefon 0507 956 74 99 Bilgi almak ve size her konuda yard\u0131mc\u0131 olmal i\u00e7in Bizimle ileti\u015fime ge\u00e7in<\/p>\n","protected":false},"author":1,"featured_media":0,"parent":0,"menu_order":0,"comment_status":"closed","ping_status":"closed","template":"","meta":{"footnotes":""},"class_list":["post-189","page","type-page","status-publish","hentry"],"yoast_head":"<!-- This site is optimized with the Yoast SEO plugin v26.8 - https:\/\/yoast.com\/product\/yoast-seo-wordpress\/ -->\n<title>\u0130leti\u015fim - Eyl\u00fcl Grafik<\/title>\n<meta name=\"robots\" content=\"index, follow, max-snippet:-1, max-image-preview:large, max-video-preview:-1\" \/>\n<link rel=\"canonical\" href=\"https:\/\/eylulgrafik.com\/index.php\/iletisim\/\" \/>\n<meta property=\"og:locale\" content=\"tr_TR\" \/>\n<meta property=\"og:type\" content=\"article\" \/>\n<meta property=\"og:title\" content=\"\u0130leti\u015fim - Eyl\u00fcl Grafik\" \/>\n<meta property=\"og:description\" content=\"Adres 82 12th Street, Office 14, LA Email info@eylulgrafik.com Telefon 0507 956 74 99 Bilgi almak ve size her konuda yard\u0131mc\u0131 olmal i\u00e7in Bizimle ileti\u015fime ge\u00e7in\" \/>\n<meta property=\"og:url\" content=\"https:\/\/eylulgrafik.com\/index.php\/iletisim\/\" \/>\n<meta property=\"og:site_name\" content=\"Eyl\u00fcl Grafik\" \/>\n<meta property=\"article:publisher\" content=\"https:\/\/www.instagram.com\/eylulgrafik\" \/>\n<meta property=\"article:modified_time\" content=\"2026-01-15T19:44:00+00:00\" \/>\n<meta name=\"twitter:card\" content=\"summary_large_image\" \/>\n<meta name=\"twitter:label1\" content=\"Tahmini okuma s\u00fcresi\" \/>\n\t<meta name=\"twitter:data1\" content=\"1 dakika\" \/>\n<script type=\"application\/ld+json\" class=\"yoast-schema-graph\">{\"@context\":\"https:\/\/schema.org\",\"@graph\":[{\"@type\":\"WebPage\",\"@id\":\"https:\/\/eylulgrafik.com\/index.php\/iletisim\/\",\"url\":\"https:\/\/eylulgrafik.com\/index.php\/iletisim\/\",\"name\":\"\u0130leti\u015fim - Eyl\u00fcl Grafik\",\"isPartOf\":{\"@id\":\"https:\/\/eylulgrafik.com\/#website\"},\"datePublished\":\"2018-04-10T15:16:34+00:00\",\"dateModified\":\"2026-01-15T19:44:00+00:00\",\"breadcrumb\":{\"@id\":\"https:\/\/eylulgrafik.com\/index.php\/iletisim\/#breadcrumb\"},\"inLanguage\":\"tr\",\"potentialAction\":[{\"@type\":\"ReadAction\",\"target\":[\"https:\/\/eylulgrafik.com\/index.php\/iletisim\/\"]}]},{\"@type\":\"BreadcrumbList\",\"@id\":\"https:\/\/eylulgrafik.com\/index.php\/iletisim\/#breadcrumb\",\"itemListElement\":[{\"@type\":\"ListItem\",\"position\":1,\"name\":\"Anasayfa\",\"item\":\"https:\/\/eylulgrafik.com\/\"},{\"@type\":\"ListItem\",\"position\":2,\"name\":\"\u0130leti\u015fim\"}]},{\"@type\":\"WebSite\",\"@id\":\"https:\/\/eylulgrafik.com\/#website\",\"url\":\"https:\/\/eylulgrafik.com\/\",\"name\":\"Eyl\u00fcl Grafik\",\"description\":\"Web ve Masa\u00fcst\u00fc Yay\u0131nc\u0131l\u0131k\",\"publisher\":{\"@id\":\"https:\/\/eylulgrafik.com\/#organization\"},\"potentialAction\":[{\"@type\":\"SearchAction\",\"target\":{\"@type\":\"EntryPoint\",\"urlTemplate\":\"https:\/\/eylulgrafik.com\/?s={search_term_string}\"},\"query-input\":{\"@type\":\"PropertyValueSpecification\",\"valueRequired\":true,\"valueName\":\"search_term_string\"}}],\"inLanguage\":\"tr\"},{\"@type\":\"Organization\",\"@id\":\"https:\/\/eylulgrafik.com\/#organization\",\"name\":\"Eyl\u00fcl Grafik\",\"url\":\"https:\/\/eylulgrafik.com\/\",\"logo\":{\"@type\":\"ImageObject\",\"inLanguage\":\"tr\",\"@id\":\"https:\/\/eylulgrafik.com\/#\/schema\/logo\/image\/\",\"url\":\"https:\/\/eylulgrafik.com\/wp-content\/uploads\/2025\/04\/Logosiyah.png\",\"contentUrl\":\"https:\/\/eylulgrafik.com\/wp-content\/uploads\/2025\/04\/Logosiyah.png\",\"width\":2137,\"height\":364,\"caption\":\"Eyl\u00fcl Grafik\"},\"image\":{\"@id\":\"https:\/\/eylulgrafik.com\/#\/schema\/logo\/image\/\"},\"sameAs\":[\"https:\/\/www.instagram.com\/eylulgrafik\"]}]}<\/script>\n<!-- \/ Yoast SEO plugin. -->","yoast_head_json":{"title":"\u0130leti\u015fim - Eyl\u00fcl Grafik","robots":{"index":"index","follow":"follow","max-snippet":"max-snippet:-1","max-image-preview":"max-image-preview:large","max-video-preview":"max-video-preview:-1"},"canonical":"https:\/\/eylulgrafik.com\/index.php\/iletisim\/","og_locale":"tr_TR","og_type":"article","og_title":"\u0130leti\u015fim - Eyl\u00fcl Grafik","og_description":"Adres 82 12th Street, Office 14, LA Email info@eylulgrafik.com Telefon 0507 956 74 99 Bilgi almak ve size her konuda yard\u0131mc\u0131 olmal i\u00e7in Bizimle ileti\u015fime ge\u00e7in","og_url":"https:\/\/eylulgrafik.com\/index.php\/iletisim\/","og_site_name":"Eyl\u00fcl Grafik","article_publisher":"https:\/\/www.instagram.com\/eylulgrafik","article_modified_time":"2026-01-15T19:44:00+00:00","twitter_card":"summary_large_image","twitter_misc":{"Tahmini okuma s\u00fcresi":"1 dakika"},"schema":{"@context":"https:\/\/schema.org","@graph":[{"@type":"WebPage","@id":"https:\/\/eylulgrafik.com\/index.php\/iletisim\/","url":"https:\/\/eylulgrafik.com\/index.php\/iletisim\/","name":"\u0130leti\u015fim - Eyl\u00fcl Grafik","isPartOf":{"@id":"https:\/\/eylulgrafik.com\/#website"},"datePublished":"2018-04-10T15:16:34+00:00","dateModified":"2026-01-15T19:44:00+00:00","breadcrumb":{"@id":"https:\/\/eylulgrafik.com\/index.php\/iletisim\/#breadcrumb"},"inLanguage":"tr","potentialAction":[{"@type":"ReadAction","target":["https:\/\/eylulgrafik.com\/index.php\/iletisim\/"]}]},{"@type":"BreadcrumbList","@id":"https:\/\/eylulgrafik.com\/index.php\/iletisim\/#breadcrumb","itemListElement":[{"@type":"ListItem","position":1,"name":"Anasayfa","item":"https:\/\/eylulgrafik.com\/"},{"@type":"ListItem","position":2,"name":"\u0130leti\u015fim"}]},{"@type":"WebSite","@id":"https:\/\/eylulgrafik.com\/#website","url":"https:\/\/eylulgrafik.com\/","name":"Eyl\u00fcl Grafik","description":"Web ve Masa\u00fcst\u00fc Yay\u0131nc\u0131l\u0131k","publisher":{"@id":"https:\/\/eylulgrafik.com\/#organization"},"potentialAction":[{"@type":"SearchAction","target":{"@type":"EntryPoint","urlTemplate":"https:\/\/eylulgrafik.com\/?s={search_term_string}"},"query-input":{"@type":"PropertyValueSpecification","valueRequired":true,"valueName":"search_term_string"}}],"inLanguage":"tr"},{"@type":"Organization","@id":"https:\/\/eylulgrafik.com\/#organization","name":"Eyl\u00fcl Grafik","url":"https:\/\/eylulgrafik.com\/","logo":{"@type":"ImageObject","inLanguage":"tr","@id":"https:\/\/eylulgrafik.com\/#\/schema\/logo\/image\/","url":"https:\/\/eylulgrafik.com\/wp-content\/uploads\/2025\/04\/Logosiyah.png","contentUrl":"https:\/\/eylulgrafik.com\/wp-content\/uploads\/2025\/04\/Logosiyah.png","width":2137,"height":364,"caption":"Eyl\u00fcl Grafik"},"image":{"@id":"https:\/\/eylulgrafik.com\/#\/schema\/logo\/image\/"},"sameAs":["https:\/\/www.instagram.com\/eylulgrafik"]}]}},"_links":{"self":[{"href":"https:\/\/eylulgrafik.com\/index.php\/wp-json\/wp\/v2\/pages\/189","targetHints":{"allow":["GET"]}}],"collection":[{"href":"https:\/\/eylulgrafik.com\/index.php\/wp-json\/wp\/v2\/pages"}],"about":[{"href":"https:\/\/eylulgrafik.com\/index.php\/wp-json\/wp\/v2\/types\/page"}],"author":[{"embeddable":true,"href":"https:\/\/eylulgrafik.com\/index.php\/wp-json\/wp\/v2\/users\/1"}],"replies":[{"embeddable":true,"href":"https:\/\/eylulgrafik.com\/index.php\/wp-json\/wp\/v2\/comments?post=189"}],"version-history":[{"count":28,"href":"https:\/\/eylulgrafik.com\/index.php\/wp-json\/wp\/v2\/pages\/189\/revisions"}],"predecessor-version":[{"id":2536,"href":"https:\/\/eylulgrafik.com\/index.php\/wp-json\/wp\/v2\/pages\/189\/revisions\/2536"}],"wp:attachment":[{"href":"https:\/\/eylulgrafik.com\/index.php\/wp-json\/wp\/v2\/media?parent=189"}],"curies":[{"name":"wp","href":"https:\/\/api.w.org\/{rel}","templated":true}]}}